{"id":648,"date":"2021-02-01T19:29:06","date_gmt":"2021-02-01T18:29:06","guid":{"rendered":"https:\/\/afadisbaixmontseny.org\/?page_id=648"},"modified":"2025-05-13T12:22:51","modified_gmt":"2025-05-13T10:22:51","slug":"servei-transport","status":"publish","type":"page","link":"https:\/\/afadisbaixmontseny.org\/?page_id=648","title":{"rendered":"El Servei de Transport"},"content":{"rendered":"\t\t<div data-elementor-type=\"wp-page\" data-elementor-id=\"648\" class=\"elementor elementor-648\" data-elementor-post-type=\"page\">\n\t\t\t\t\t\t<section class=\"elementor-section elementor-top-section elementor-element elementor-element-5eda0ca4 elementor-section-height-min-height elementor-section-stretched elementor-section-boxed elementor-section-height-default elementor-section-items-middle\" data-id=\"5eda0ca4\" data-element_type=\"section\" data-e-type=\"section\" data-settings=\"{&quot;background_background&quot;:&quot;classic&quot;,&quot;shape_divider_bottom&quot;:&quot;mountains&quot;,&quot;stretch_section&quot;:&quot;section-stretched&quot;,&quot;shape_divider_top&quot;:&quot;mountains&quot;}\">\n\t\t\t\t\t\t\t<div class=\"elementor-background-overlay\"><\/div>\n\t\t\t\t\t\t<div class=\"elementor-shape elementor-shape-top\" aria-hidden=\"true\" data-negative=\"false\">\n\t\t\t<svg xmlns=\"http:\/\/www.w3.org\/2000\/svg\" viewBox=\"0 0 1000 100\" preserveAspectRatio=\"none\">\n\t<path class=\"elementor-shape-fill\" opacity=\"0.33\" d=\"M473,67.3c-203.9,88.3-263.1-34-320.3,0C66,119.1,0,59.7,0,59.7V0h1000v59.7 c0,0-62.1,26.1-94.9,29.3c-32.8,3.3-62.8-12.3-75.8-22.1C806,49.6,745.3,8.7,694.9,4.7S492.4,59,473,67.3z\"\/>\n\t<path class=\"elementor-shape-fill\" opacity=\"0.66\" d=\"M734,67.3c-45.5,0-77.2-23.2-129.1-39.1c-28.6-8.7-150.3-10.1-254,39.1 s-91.7-34.4-149.2,0C115.7,118.3,0,39.8,0,39.8V0h1000v36.5c0,0-28.2-18.5-92.1-18.5C810.2,18.1,775.7,67.3,734,67.3z\"\/>\n\t<path class=\"elementor-shape-fill\" d=\"M766.1,28.9c-200-57.5-266,65.5-395.1,19.5C242,1.8,242,5.4,184.8,20.6C128,35.8,132.3,44.9,89.9,52.5C28.6,63.7,0,0,0,0 h1000c0,0-9.9,40.9-83.6,48.1S829.6,47,766.1,28.9z\"\/>\n<\/svg>\t\t<\/div>\n\t\t\t\t<div class=\"elementor-shape elementor-shape-bottom\" aria-hidden=\"true\" data-negative=\"false\">\n\t\t\t<svg xmlns=\"http:\/\/www.w3.org\/2000\/svg\" viewBox=\"0 0 1000 100\" preserveAspectRatio=\"none\">\n\t<path class=\"elementor-shape-fill\" opacity=\"0.33\" d=\"M473,67.3c-203.9,88.3-263.1-34-320.3,0C66,119.1,0,59.7,0,59.7V0h1000v59.7 c0,0-62.1,26.1-94.9,29.3c-32.8,3.3-62.8-12.3-75.8-22.1C806,49.6,745.3,8.7,694.9,4.7S492.4,59,473,67.3z\"\/>\n\t<path class=\"elementor-shape-fill\" opacity=\"0.66\" d=\"M734,67.3c-45.5,0-77.2-23.2-129.1-39.1c-28.6-8.7-150.3-10.1-254,39.1 s-91.7-34.4-149.2,0C115.7,118.3,0,39.8,0,39.8V0h1000v36.5c0,0-28.2-18.5-92.1-18.5C810.2,18.1,775.7,67.3,734,67.3z\"\/>\n\t<path class=\"elementor-shape-fill\" d=\"M766.1,28.9c-200-57.5-266,65.5-395.1,19.5C242,1.8,242,5.4,184.8,20.6C128,35.8,132.3,44.9,89.9,52.5C28.6,63.7,0,0,0,0 h1000c0,0-9.9,40.9-83.6,48.1S829.6,47,766.1,28.9z\"\/>\n<\/svg>\t\t<\/div>\n\t\t\t\t\t<div class=\"elementor-container elementor-column-gap-default\">\n\t\t\t\t\t<div class=\"elementor-column elementor-col-100 elementor-top-column elementor-element elementor-element-7323ff7e\" data-id=\"7323ff7e\" data-element_type=\"column\" data-e-type=\"column\" data-settings=\"{&quot;background_background&quot;:&quot;classic&quot;}\">\n\t\t\t<div class=\"elementor-widget-wrap elementor-element-populated\">\n\t\t\t\t\t\t<div class=\"elementor-element elementor-element-9b00c56 elementor-widget elementor-widget-heading\" data-id=\"9b00c56\" data-element_type=\"widget\" data-e-type=\"widget\" data-settings=\"{&quot;motion_fx_motion_fx_scrolling&quot;:&quot;yes&quot;,&quot;motion_fx_translateY_effect&quot;:&quot;yes&quot;,&quot;motion_fx_translateY_speed&quot;:{&quot;unit&quot;:&quot;px&quot;,&quot;size&quot;:1,&quot;sizes&quot;:[]},&quot;motion_fx_translateY_affectedRange&quot;:{&quot;unit&quot;:&quot;%&quot;,&quot;size&quot;:&quot;&quot;,&quot;sizes&quot;:{&quot;start&quot;:0,&quot;end&quot;:100}},&quot;motion_fx_devices&quot;:[&quot;desktop&quot;,&quot;tablet&quot;,&quot;mobile&quot;]}\" data-widget_type=\"heading.default\">\n\t\t\t\t<div class=\"elementor-widget-container\">\n\t\t\t\t\t<h1 class=\"elementor-heading-title elementor-size-default\">Carta de Serveis: El Servei de Transport<\/h1>\t\t\t\t<\/div>\n\t\t\t\t<\/div>\n\t\t\t\t\t<\/div>\n\t\t<\/div>\n\t\t\t\t\t<\/div>\n\t\t<\/section>\n\t\t\t\t<section class=\"elementor-section elementor-top-section elementor-element elementor-element-447e198 elementor-section-boxed elementor-section-height-default elementor-section-height-default\" data-id=\"447e198\" data-element_type=\"section\" data-e-type=\"section\">\n\t\t\t\t\t\t<div class=\"elementor-container elementor-column-gap-default\">\n\t\t\t\t\t<div class=\"elementor-column elementor-col-50 elementor-top-column elementor-element elementor-element-8966b98\" data-id=\"8966b98\" data-element_type=\"column\" data-e-type=\"column\">\n\t\t\t<div class=\"elementor-widget-wrap elementor-element-populated\">\n\t\t\t\t\t\t<div class=\"elementor-element elementor-element-b5e15b8 elementor-widget elementor-widget-image\" data-id=\"b5e15b8\" data-element_type=\"widget\" data-e-type=\"widget\" data-widget_type=\"image.default\">\n\t\t\t\t<div class=\"elementor-widget-container\">\n\t\t\t\t\t\t\t\t\t\t\t\t\t\t\t<img fetchpriority=\"high\" decoding=\"async\" width=\"600\" height=\"600\" src=\"https:\/\/afadisbaixmontseny.org\/wp-content\/uploads\/2025\/03\/IMG-20241010-WA0002-1-600x600.jpg\" class=\"attachment-ocean-thumb-m size-ocean-thumb-m wp-image-2557\" alt=\"\" srcset=\"https:\/\/afadisbaixmontseny.org\/wp-content\/uploads\/2025\/03\/IMG-20241010-WA0002-1-600x600.jpg 600w, https:\/\/afadisbaixmontseny.org\/wp-content\/uploads\/2025\/03\/IMG-20241010-WA0002-1-150x150.jpg 150w\" sizes=\"(max-width: 600px) 100vw, 600px\" \/>\t\t\t\t\t\t\t\t\t\t\t\t\t\t\t<\/div>\n\t\t\t\t<\/div>\n\t\t\t\t\t<\/div>\n\t\t<\/div>\n\t\t\t\t<div class=\"elementor-column elementor-col-50 elementor-top-column elementor-element elementor-element-c00430f\" data-id=\"c00430f\" data-element_type=\"column\" data-e-type=\"column\">\n\t\t\t<div class=\"elementor-widget-wrap elementor-element-populated\">\n\t\t\t\t\t\t<div class=\"elementor-element elementor-element-37cea06 elementor-widget elementor-widget-heading\" data-id=\"37cea06\" data-element_type=\"widget\" data-e-type=\"widget\" data-widget_type=\"heading.default\">\n\t\t\t\t<div class=\"elementor-widget-container\">\n\t\t\t\t\t<h3 class=\"elementor-heading-title elementor-size-default\">El Servei de Transport<\/h3>\t\t\t\t<\/div>\n\t\t\t\t<\/div>\n\t\t\t\t<div class=\"elementor-element elementor-element-8e030c6 elementor-widget elementor-widget-heading\" data-id=\"8e030c6\" data-element_type=\"widget\" data-e-type=\"widget\" data-widget_type=\"heading.default\">\n\t\t\t\t<div class=\"elementor-widget-container\">\n\t\t\t\t\t<p class=\"elementor-heading-title elementor-size-default\">L\u2019actual model de mobilitat al Baix Montseny \u00e9s insuficientment inclusiu per a la diversitat funcional del territori, especialment per a les persones que tenen la mobilitat redu\u00efda i s\u2019han de despla\u00e7ar amb cadira de rodes. La xarxa de transport p\u00fablic \u00e9s escassa en termes de connectivitat i freq\u00fc\u00e8ncia, per la qual cosa queden limitats els drets de mobilitat i d\u2019igualtat d'oportunitats d\u2019aquestes persones.<\/p>\t\t\t\t<\/div>\n\t\t\t\t<\/div>\n\t\t\t\t\t<\/div>\n\t\t<\/div>\n\t\t\t\t\t<\/div>\n\t\t<\/section>\n\t\t\t\t<section class=\"elementor-section elementor-top-section elementor-element elementor-element-8aa507f elementor-section-stretched elementor-section-boxed elementor-section-height-default elementor-section-height-default\" data-id=\"8aa507f\" data-element_type=\"section\" data-e-type=\"section\" data-settings=\"{&quot;stretch_section&quot;:&quot;section-stretched&quot;,&quot;background_background&quot;:&quot;classic&quot;,&quot;shape_divider_top&quot;:&quot;mountains&quot;,&quot;shape_divider_bottom&quot;:&quot;mountains&quot;}\">\n\t\t\t\t\t\t\t<div class=\"elementor-background-overlay\"><\/div>\n\t\t\t\t\t\t<div class=\"elementor-shape elementor-shape-top\" aria-hidden=\"true\" data-negative=\"false\">\n\t\t\t<svg xmlns=\"http:\/\/www.w3.org\/2000\/svg\" viewBox=\"0 0 1000 100\" preserveAspectRatio=\"none\">\n\t<path class=\"elementor-shape-fill\" opacity=\"0.33\" d=\"M473,67.3c-203.9,88.3-263.1-34-320.3,0C66,119.1,0,59.7,0,59.7V0h1000v59.7 c0,0-62.1,26.1-94.9,29.3c-32.8,3.3-62.8-12.3-75.8-22.1C806,49.6,745.3,8.7,694.9,4.7S492.4,59,473,67.3z\"\/>\n\t<path class=\"elementor-shape-fill\" opacity=\"0.66\" d=\"M734,67.3c-45.5,0-77.2-23.2-129.1-39.1c-28.6-8.7-150.3-10.1-254,39.1 s-91.7-34.4-149.2,0C115.7,118.3,0,39.8,0,39.8V0h1000v36.5c0,0-28.2-18.5-92.1-18.5C810.2,18.1,775.7,67.3,734,67.3z\"\/>\n\t<path class=\"elementor-shape-fill\" d=\"M766.1,28.9c-200-57.5-266,65.5-395.1,19.5C242,1.8,242,5.4,184.8,20.6C128,35.8,132.3,44.9,89.9,52.5C28.6,63.7,0,0,0,0 h1000c0,0-9.9,40.9-83.6,48.1S829.6,47,766.1,28.9z\"\/>\n<\/svg>\t\t<\/div>\n\t\t\t\t<div class=\"elementor-shape elementor-shape-bottom\" aria-hidden=\"true\" data-negative=\"false\">\n\t\t\t<svg xmlns=\"http:\/\/www.w3.org\/2000\/svg\" viewBox=\"0 0 1000 100\" preserveAspectRatio=\"none\">\n\t<path class=\"elementor-shape-fill\" opacity=\"0.33\" d=\"M473,67.3c-203.9,88.3-263.1-34-320.3,0C66,119.1,0,59.7,0,59.7V0h1000v59.7 c0,0-62.1,26.1-94.9,29.3c-32.8,3.3-62.8-12.3-75.8-22.1C806,49.6,745.3,8.7,694.9,4.7S492.4,59,473,67.3z\"\/>\n\t<path class=\"elementor-shape-fill\" opacity=\"0.66\" d=\"M734,67.3c-45.5,0-77.2-23.2-129.1-39.1c-28.6-8.7-150.3-10.1-254,39.1 s-91.7-34.4-149.2,0C115.7,118.3,0,39.8,0,39.8V0h1000v36.5c0,0-28.2-18.5-92.1-18.5C810.2,18.1,775.7,67.3,734,67.3z\"\/>\n\t<path class=\"elementor-shape-fill\" d=\"M766.1,28.9c-200-57.5-266,65.5-395.1,19.5C242,1.8,242,5.4,184.8,20.6C128,35.8,132.3,44.9,89.9,52.5C28.6,63.7,0,0,0,0 h1000c0,0-9.9,40.9-83.6,48.1S829.6,47,766.1,28.9z\"\/>\n<\/svg>\t\t<\/div>\n\t\t\t\t\t<div class=\"elementor-container elementor-column-gap-default\">\n\t\t\t\t\t<div class=\"elementor-column elementor-col-100 elementor-top-column elementor-element elementor-element-eadbfac\" data-id=\"eadbfac\" data-element_type=\"column\" data-e-type=\"column\">\n\t\t\t<div class=\"elementor-widget-wrap elementor-element-populated\">\n\t\t\t\t\t\t<div class=\"elementor-element elementor-element-5e0f0a5 elementor-widget elementor-widget-heading\" data-id=\"5e0f0a5\" data-element_type=\"widget\" data-e-type=\"widget\" data-widget_type=\"heading.default\">\n\t\t\t\t<div class=\"elementor-widget-container\">\n\t\t\t\t\t<p class=\"elementor-heading-title elementor-size-default\">A AFADIS Baix Montseny ens fem c\u00e0rrec dels trasllats dels domicilis al Centre Ocupacional, i\nviceversa, de les persones amb discapacitat, amb la finalitat de garantir el seu acc\u00e9s per\ndesenvolupar activitats ocupacionals i rehabilitadores.<\/p>\t\t\t\t<\/div>\n\t\t\t\t<\/div>\n\t\t\t\t\t<\/div>\n\t\t<\/div>\n\t\t\t\t\t<\/div>\n\t\t<\/section>\n\t\t\t\t<section class=\"elementor-section elementor-top-section elementor-element elementor-element-45e4cf0 elementor-section-boxed elementor-section-height-default elementor-section-height-default\" data-id=\"45e4cf0\" data-element_type=\"section\" data-e-type=\"section\">\n\t\t\t\t\t\t<div class=\"elementor-container elementor-column-gap-default\">\n\t\t\t\t\t<div class=\"elementor-column elementor-col-100 elementor-top-column elementor-element elementor-element-6ee9bbd\" data-id=\"6ee9bbd\" data-element_type=\"column\" data-e-type=\"column\">\n\t\t\t<div class=\"elementor-widget-wrap elementor-element-populated\">\n\t\t\t\t\t\t<div class=\"elementor-element elementor-element-0dc73cc elementor-widget__width-inherit elementor-widget elementor-widget-video\" data-id=\"0dc73cc\" data-element_type=\"widget\" data-e-type=\"widget\" data-settings=\"{&quot;video_type&quot;:&quot;vimeo&quot;}\" data-widget_type=\"video.default\">\n\t\t\t\t<div class=\"elementor-widget-container\">\n\t\t\t\t\t\t\t<div class=\"elementor-wrapper elementor-open-inline\">\n\t\t\t<iframe class=\"elementor-video-iframe\" allowfullscreen allow=\"clipboard-write\" title=\"Reproductor de v\u00eddeo vimeo\" src=\"https:\/\/player.vimeo.com\/video\/1066983241?color&amp;autopause=0&amp;loop=0&amp;muted=0&amp;title=1&amp;portrait=1&amp;byline=1&amp;h=42235012d9#t=\"><\/iframe>\t\t<\/div>\n\t\t\t\t\t\t<\/div>\n\t\t\t\t<\/div>\n\t\t\t\t\t<\/div>\n\t\t<\/div>\n\t\t\t\t\t<\/div>\n\t\t<\/section>\n\t\t\t\t<\/div>\n\t\t","protected":false},"excerpt":{"rendered":"<p>Carta de Serveis: El Servei de Transport El Servei de Transport L\u2019actual model de mobilitat al Baix Montseny \u00e9s insuficientment inclusiu per a la diversitat funcional del territori, especialment per a les persones que tenen la mobilitat redu\u00efda i s\u2019han de despla\u00e7ar amb cadira de rodes. La xarxa de transport p\u00fablic \u00e9s escassa en termes [&hellip;]<\/p>\n","protected":false},"author":1,"featured_media":0,"parent":0,"menu_order":0,"comment_status":"closed","ping_status":"closed","template":"","meta":{"ocean_post_layout":"","ocean_both_sidebars_style":"","ocean_both_sidebars_content_width":0,"ocean_both_sidebars_sidebars_width":0,"ocean_sidebar":"0","ocean_second_sidebar":"0","ocean_disable_margins":"enable","ocean_add_body_class":"","ocean_shortcode_before_top_bar":"","ocean_shortcode_after_top_bar":"","ocean_shortcode_before_header":"","ocean_shortcode_after_header":"","ocean_has_shortcode":"","ocean_shortcode_after_title":"","ocean_shortcode_before_footer_widgets":"","ocean_shortcode_after_footer_widgets":"","ocean_shortcode_before_footer_bottom":"","ocean_shortcode_after_footer_bottom":"","ocean_display_top_bar":"default","ocean_display_header":"default","ocean_header_style":"","ocean_center_header_left_menu":"0","ocean_custom_header_template":"0","ocean_custom_logo":0,"ocean_custom_retina_logo":0,"ocean_custom_logo_max_width":0,"ocean_custom_logo_tablet_max_width":0,"ocean_custom_logo_mobile_max_width":0,"ocean_custom_logo_max_height":0,"ocean_custom_logo_tablet_max_height":0,"ocean_custom_logo_mobile_max_height":0,"ocean_header_custom_menu":"3","ocean_menu_typo_font_family":"0","ocean_menu_typo_font_subset":"","ocean_menu_typo_font_size":0,"ocean_menu_typo_font_size_tablet":0,"ocean_menu_typo_font_size_mobile":0,"ocean_menu_typo_font_size_unit":"px","ocean_menu_typo_font_weight":"","ocean_menu_typo_font_weight_tablet":"","ocean_menu_typo_font_weight_mobile":"","ocean_menu_typo_transform":"","ocean_menu_typo_transform_tablet":"","ocean_menu_typo_transform_mobile":"","ocean_menu_typo_line_height":0,"ocean_menu_typo_line_height_tablet":0,"ocean_menu_typo_line_height_mobile":0,"ocean_menu_typo_line_height_unit":"","ocean_menu_typo_spacing":0,"ocean_menu_typo_spacing_tablet":0,"ocean_menu_typo_spacing_mobile":0,"ocean_menu_typo_spacing_unit":"","ocean_menu_link_color":"","ocean_menu_link_color_hover":"","ocean_menu_link_color_active":"","ocean_menu_link_background":"","ocean_menu_link_hover_background":"","ocean_menu_link_active_background":"","ocean_menu_social_links_bg":"","ocean_menu_social_hover_links_bg":"","ocean_menu_social_links_color":"","ocean_menu_social_hover_links_color":"","ocean_disable_title":"default","ocean_disable_heading":"default","ocean_post_title":"","ocean_post_subheading":"","ocean_post_title_style":"","ocean_post_title_background_color":"","ocean_post_title_background":0,"ocean_post_title_bg_image_position":"","ocean_post_title_bg_image_attachment":"","ocean_post_title_bg_image_repeat":"","ocean_post_title_bg_image_size":"","ocean_post_title_height":0,"ocean_post_title_bg_overlay":0.5,"ocean_post_title_bg_overlay_color":"","ocean_disable_breadcrumbs":"default","ocean_breadcrumbs_color":"","ocean_breadcrumbs_separator_color":"","ocean_breadcrumbs_links_color":"","ocean_breadcrumbs_links_hover_color":"","ocean_display_footer_widgets":"default","ocean_display_footer_bottom":"default","ocean_custom_footer_template":"0","footnotes":""},"class_list":["post-648","page","type-page","status-publish","hentry","entry"],"yoast_head":"<!-- This site is optimized with the Yoast SEO plugin v27.4 - https:\/\/yoast.com\/product\/yoast-seo-wordpress\/ -->\n<meta name=\"robots\" content=\"index, follow, max-snippet:-1, max-image-preview:large, max-video-preview:-1\" \/>\n<link rel=\"canonical\" href=\"https:\/\/afadisbaixmontseny.org\/?page_id=648\" \/>\n<meta property=\"og:locale\" content=\"ca_ES\" \/>\n<meta property=\"og:type\" content=\"article\" \/>\n<meta property=\"og:description\" content=\"Carta de Serveis: El Servei de Transport El Servei de Transport L\u2019actual model de mobilitat al Baix Montseny \u00e9s insuficientment inclusiu per a la diversitat funcional del territori, especialment per a les persones que tenen la mobilitat redu\u00efda i s\u2019han de despla\u00e7ar amb cadira de rodes. La xarxa de transport p\u00fablic \u00e9s escassa en termes [&hellip;]\" \/>\n<meta property=\"og:url\" content=\"https:\/\/afadisbaixmontseny.org\/?page_id=648\" \/>\n<meta property=\"article:publisher\" content=\"https:\/\/www.facebook.com\/afadis.baixmontseny\" \/>\n<meta property=\"article:modified_time\" content=\"2025-05-13T10:22:51+00:00\" \/>\n<meta property=\"og:image\" content=\"https:\/\/afadisbaixmontseny.org\/wp-content\/uploads\/2025\/03\/IMG-20241010-WA0002-1.jpg\" \/>\n\t<meta property=\"og:image:width\" content=\"1152\" \/>\n\t<meta property=\"og:image:height\" content=\"2040\" \/>\n\t<meta property=\"og:image:type\" content=\"image\/jpeg\" \/>\n<meta name=\"twitter:card\" content=\"summary_large_image\" \/>\n<meta name=\"twitter:site\" content=\"@AfadisBaix\" \/>\n<meta name=\"twitter:label1\" content=\"Temps estimat de lectura\" \/>\n\t<meta name=\"twitter:data1\" content=\"1 minut\" \/>\n<script type=\"application\/ld+json\" class=\"yoast-schema-graph\">{\"@context\":\"https:\\\/\\\/schema.org\",\"@graph\":[{\"@type\":\"WebPage\",\"@id\":\"https:\\\/\\\/afadisbaixmontseny.org\\\/?page_id=648\",\"url\":\"https:\\\/\\\/afadisbaixmontseny.org\\\/?page_id=648\",\"name\":\"\",\"isPartOf\":{\"@id\":\"https:\\\/\\\/afadisbaixmontseny.org\\\/#website\"},\"primaryImageOfPage\":{\"@id\":\"https:\\\/\\\/afadisbaixmontseny.org\\\/?page_id=648#primaryimage\"},\"image\":{\"@id\":\"https:\\\/\\\/afadisbaixmontseny.org\\\/?page_id=648#primaryimage\"},\"thumbnailUrl\":\"https:\\\/\\\/afadisbaixmontseny.org\\\/wp-content\\\/uploads\\\/2025\\\/03\\\/IMG-20241010-WA0002-1-600x600.jpg\",\"datePublished\":\"2021-02-01T18:29:06+00:00\",\"dateModified\":\"2025-05-13T10:22:51+00:00\",\"breadcrumb\":{\"@id\":\"https:\\\/\\\/afadisbaixmontseny.org\\\/?page_id=648#breadcrumb\"},\"inLanguage\":\"ca\",\"potentialAction\":[{\"@type\":\"ReadAction\",\"target\":[\"https:\\\/\\\/afadisbaixmontseny.org\\\/?page_id=648\"]}]},{\"@type\":\"ImageObject\",\"inLanguage\":\"ca\",\"@id\":\"https:\\\/\\\/afadisbaixmontseny.org\\\/?page_id=648#primaryimage\",\"url\":\"https:\\\/\\\/afadisbaixmontseny.org\\\/wp-content\\\/uploads\\\/2025\\\/03\\\/IMG-20241010-WA0002-1.jpg\",\"contentUrl\":\"https:\\\/\\\/afadisbaixmontseny.org\\\/wp-content\\\/uploads\\\/2025\\\/03\\\/IMG-20241010-WA0002-1.jpg\",\"width\":1152,\"height\":2040},{\"@type\":\"BreadcrumbList\",\"@id\":\"https:\\\/\\\/afadisbaixmontseny.org\\\/?page_id=648#breadcrumb\",\"itemListElement\":[{\"@type\":\"ListItem\",\"position\":1,\"name\":\"Portada\",\"item\":\"https:\\\/\\\/afadisbaixmontseny.org\\\/\"},{\"@type\":\"ListItem\",\"position\":2,\"name\":\"El Servei de Transport\"}]},{\"@type\":\"WebSite\",\"@id\":\"https:\\\/\\\/afadisbaixmontseny.org\\\/#website\",\"url\":\"https:\\\/\\\/afadisbaixmontseny.org\\\/\",\"name\":\"Afadis Baix Montseny\",\"description\":\"\",\"publisher\":{\"@id\":\"https:\\\/\\\/afadisbaixmontseny.org\\\/#organization\"},\"potentialAction\":[{\"@type\":\"SearchAction\",\"target\":{\"@type\":\"EntryPoint\",\"urlTemplate\":\"https:\\\/\\\/afadisbaixmontseny.org\\\/?s={search_term_string}\"},\"query-input\":{\"@type\":\"PropertyValueSpecification\",\"valueRequired\":true,\"valueName\":\"search_term_string\"}}],\"inLanguage\":\"ca\"},{\"@type\":\"Organization\",\"@id\":\"https:\\\/\\\/afadisbaixmontseny.org\\\/#organization\",\"name\":\"Afadis Baix Montseny\",\"url\":\"https:\\\/\\\/afadisbaixmontseny.org\\\/\",\"logo\":{\"@type\":\"ImageObject\",\"inLanguage\":\"ca\",\"@id\":\"https:\\\/\\\/afadisbaixmontseny.org\\\/#\\\/schema\\\/logo\\\/image\\\/\",\"url\":\"https:\\\/\\\/afadisbaixmontseny.org\\\/wp-content\\\/uploads\\\/2020\\\/11\\\/Logo-Afadis-560.png\",\"contentUrl\":\"https:\\\/\\\/afadisbaixmontseny.org\\\/wp-content\\\/uploads\\\/2020\\\/11\\\/Logo-Afadis-560.png\",\"width\":560,\"height\":452,\"caption\":\"Afadis Baix Montseny\"},\"image\":{\"@id\":\"https:\\\/\\\/afadisbaixmontseny.org\\\/#\\\/schema\\\/logo\\\/image\\\/\"},\"sameAs\":[\"https:\\\/\\\/www.facebook.com\\\/afadis.baixmontseny\",\"https:\\\/\\\/x.com\\\/AfadisBaix\"]}]}<\/script>\n<!-- \/ Yoast SEO plugin. -->","yoast_head_json":{"robots":{"index":"index","follow":"follow","max-snippet":"max-snippet:-1","max-image-preview":"max-image-preview:large","max-video-preview":"max-video-preview:-1"},"canonical":"https:\/\/afadisbaixmontseny.org\/?page_id=648","og_locale":"ca_ES","og_type":"article","og_description":"Carta de Serveis: El Servei de Transport El Servei de Transport L\u2019actual model de mobilitat al Baix Montseny \u00e9s insuficientment inclusiu per a la diversitat funcional del territori, especialment per a les persones que tenen la mobilitat redu\u00efda i s\u2019han de despla\u00e7ar amb cadira de rodes. La xarxa de transport p\u00fablic \u00e9s escassa en termes [&hellip;]","og_url":"https:\/\/afadisbaixmontseny.org\/?page_id=648","article_publisher":"https:\/\/www.facebook.com\/afadis.baixmontseny","article_modified_time":"2025-05-13T10:22:51+00:00","og_image":[{"width":1152,"height":2040,"url":"https:\/\/afadisbaixmontseny.org\/wp-content\/uploads\/2025\/03\/IMG-20241010-WA0002-1.jpg","type":"image\/jpeg"}],"twitter_card":"summary_large_image","twitter_site":"@AfadisBaix","twitter_misc":{"Temps estimat de lectura":"1 minut"},"schema":{"@context":"https:\/\/schema.org","@graph":[{"@type":"WebPage","@id":"https:\/\/afadisbaixmontseny.org\/?page_id=648","url":"https:\/\/afadisbaixmontseny.org\/?page_id=648","name":"","isPartOf":{"@id":"https:\/\/afadisbaixmontseny.org\/#website"},"primaryImageOfPage":{"@id":"https:\/\/afadisbaixmontseny.org\/?page_id=648#primaryimage"},"image":{"@id":"https:\/\/afadisbaixmontseny.org\/?page_id=648#primaryimage"},"thumbnailUrl":"https:\/\/afadisbaixmontseny.org\/wp-content\/uploads\/2025\/03\/IMG-20241010-WA0002-1-600x600.jpg","datePublished":"2021-02-01T18:29:06+00:00","dateModified":"2025-05-13T10:22:51+00:00","breadcrumb":{"@id":"https:\/\/afadisbaixmontseny.org\/?page_id=648#breadcrumb"},"inLanguage":"ca","potentialAction":[{"@type":"ReadAction","target":["https:\/\/afadisbaixmontseny.org\/?page_id=648"]}]},{"@type":"ImageObject","inLanguage":"ca","@id":"https:\/\/afadisbaixmontseny.org\/?page_id=648#primaryimage","url":"https:\/\/afadisbaixmontseny.org\/wp-content\/uploads\/2025\/03\/IMG-20241010-WA0002-1.jpg","contentUrl":"https:\/\/afadisbaixmontseny.org\/wp-content\/uploads\/2025\/03\/IMG-20241010-WA0002-1.jpg","width":1152,"height":2040},{"@type":"BreadcrumbList","@id":"https:\/\/afadisbaixmontseny.org\/?page_id=648#breadcrumb","itemListElement":[{"@type":"ListItem","position":1,"name":"Portada","item":"https:\/\/afadisbaixmontseny.org\/"},{"@type":"ListItem","position":2,"name":"El Servei de Transport"}]},{"@type":"WebSite","@id":"https:\/\/afadisbaixmontseny.org\/#website","url":"https:\/\/afadisbaixmontseny.org\/","name":"Afadis Baix Montseny","description":"","publisher":{"@id":"https:\/\/afadisbaixmontseny.org\/#organization"},"potentialAction":[{"@type":"SearchAction","target":{"@type":"EntryPoint","urlTemplate":"https:\/\/afadisbaixmontseny.org\/?s={search_term_string}"},"query-input":{"@type":"PropertyValueSpecification","valueRequired":true,"valueName":"search_term_string"}}],"inLanguage":"ca"},{"@type":"Organization","@id":"https:\/\/afadisbaixmontseny.org\/#organization","name":"Afadis Baix Montseny","url":"https:\/\/afadisbaixmontseny.org\/","logo":{"@type":"ImageObject","inLanguage":"ca","@id":"https:\/\/afadisbaixmontseny.org\/#\/schema\/logo\/image\/","url":"https:\/\/afadisbaixmontseny.org\/wp-content\/uploads\/2020\/11\/Logo-Afadis-560.png","contentUrl":"https:\/\/afadisbaixmontseny.org\/wp-content\/uploads\/2020\/11\/Logo-Afadis-560.png","width":560,"height":452,"caption":"Afadis Baix Montseny"},"image":{"@id":"https:\/\/afadisbaixmontseny.org\/#\/schema\/logo\/image\/"},"sameAs":["https:\/\/www.facebook.com\/afadis.baixmontseny","https:\/\/x.com\/AfadisBaix"]}]}},"_links":{"self":[{"href":"https:\/\/afadisbaixmontseny.org\/index.php?rest_route=\/wp\/v2\/pages\/648","targetHints":{"allow":["GET"]}}],"collection":[{"href":"https:\/\/afadisbaixmontseny.org\/index.php?rest_route=\/wp\/v2\/pages"}],"about":[{"href":"https:\/\/afadisbaixmontseny.org\/index.php?rest_route=\/wp\/v2\/types\/page"}],"author":[{"embeddable":true,"href":"https:\/\/afadisbaixmontseny.org\/index.php?rest_route=\/wp\/v2\/users\/1"}],"replies":[{"embeddable":true,"href":"https:\/\/afadisbaixmontseny.org\/index.php?rest_route=%2Fwp%2Fv2%2Fcomments&post=648"}],"version-history":[{"count":3,"href":"https:\/\/afadisbaixmontseny.org\/index.php?rest_route=\/wp\/v2\/pages\/648\/revisions"}],"predecessor-version":[{"id":3789,"href":"https:\/\/afadisbaixmontseny.org\/index.php?rest_route=\/wp\/v2\/pages\/648\/revisions\/3789"}],"wp:attachment":[{"href":"https:\/\/afadisbaixmontseny.org\/index.php?rest_route=%2Fwp%2Fv2%2Fmedia&parent=648"}],"curies":[{"name":"wp","href":"https:\/\/api.w.org\/{rel}","templated":true}]}}