{"id":3359,"date":"2025-04-07T12:40:01","date_gmt":"2025-04-07T10:40:01","guid":{"rendered":"https:\/\/afadisbaixmontseny.org\/?page_id=3359"},"modified":"2025-04-07T13:18:37","modified_gmt":"2025-04-07T11:18:37","slug":"butlletins-2023","status":"publish","type":"page","link":"https:\/\/afadisbaixmontseny.org\/?page_id=3359","title":{"rendered":"Butlletins 2023"},"content":{"rendered":"\t\t<div data-elementor-type=\"wp-page\" data-elementor-id=\"3359\" class=\"elementor elementor-3359\" data-elementor-post-type=\"page\">\n\t\t\t\t\t\t<section class=\"elementor-section elementor-top-section elementor-element elementor-element-5eda0ca4 elementor-section-height-min-height elementor-section-stretched elementor-section-boxed elementor-section-height-default elementor-section-items-middle\" data-id=\"5eda0ca4\" data-element_type=\"section\" data-e-type=\"section\" data-settings=\"{&quot;background_background&quot;:&quot;classic&quot;,&quot;shape_divider_bottom&quot;:&quot;mountains&quot;,&quot;stretch_section&quot;:&quot;section-stretched&quot;,&quot;shape_divider_top&quot;:&quot;mountains&quot;}\">\n\t\t\t\t\t\t\t<div class=\"elementor-background-overlay\"><\/div>\n\t\t\t\t\t\t<div class=\"elementor-shape elementor-shape-top\" aria-hidden=\"true\" data-negative=\"false\">\n\t\t\t<svg xmlns=\"http:\/\/www.w3.org\/2000\/svg\" viewBox=\"0 0 1000 100\" preserveAspectRatio=\"none\">\n\t<path class=\"elementor-shape-fill\" opacity=\"0.33\" d=\"M473,67.3c-203.9,88.3-263.1-34-320.3,0C66,119.1,0,59.7,0,59.7V0h1000v59.7 c0,0-62.1,26.1-94.9,29.3c-32.8,3.3-62.8-12.3-75.8-22.1C806,49.6,745.3,8.7,694.9,4.7S492.4,59,473,67.3z\"\/>\n\t<path class=\"elementor-shape-fill\" opacity=\"0.66\" d=\"M734,67.3c-45.5,0-77.2-23.2-129.1-39.1c-28.6-8.7-150.3-10.1-254,39.1 s-91.7-34.4-149.2,0C115.7,118.3,0,39.8,0,39.8V0h1000v36.5c0,0-28.2-18.5-92.1-18.5C810.2,18.1,775.7,67.3,734,67.3z\"\/>\n\t<path class=\"elementor-shape-fill\" d=\"M766.1,28.9c-200-57.5-266,65.5-395.1,19.5C242,1.8,242,5.4,184.8,20.6C128,35.8,132.3,44.9,89.9,52.5C28.6,63.7,0,0,0,0 h1000c0,0-9.9,40.9-83.6,48.1S829.6,47,766.1,28.9z\"\/>\n<\/svg>\t\t<\/div>\n\t\t\t\t<div class=\"elementor-shape elementor-shape-bottom\" aria-hidden=\"true\" data-negative=\"false\">\n\t\t\t<svg xmlns=\"http:\/\/www.w3.org\/2000\/svg\" viewBox=\"0 0 1000 100\" preserveAspectRatio=\"none\">\n\t<path class=\"elementor-shape-fill\" opacity=\"0.33\" d=\"M473,67.3c-203.9,88.3-263.1-34-320.3,0C66,119.1,0,59.7,0,59.7V0h1000v59.7 c0,0-62.1,26.1-94.9,29.3c-32.8,3.3-62.8-12.3-75.8-22.1C806,49.6,745.3,8.7,694.9,4.7S492.4,59,473,67.3z\"\/>\n\t<path class=\"elementor-shape-fill\" opacity=\"0.66\" d=\"M734,67.3c-45.5,0-77.2-23.2-129.1-39.1c-28.6-8.7-150.3-10.1-254,39.1 s-91.7-34.4-149.2,0C115.7,118.3,0,39.8,0,39.8V0h1000v36.5c0,0-28.2-18.5-92.1-18.5C810.2,18.1,775.7,67.3,734,67.3z\"\/>\n\t<path class=\"elementor-shape-fill\" d=\"M766.1,28.9c-200-57.5-266,65.5-395.1,19.5C242,1.8,242,5.4,184.8,20.6C128,35.8,132.3,44.9,89.9,52.5C28.6,63.7,0,0,0,0 h1000c0,0-9.9,40.9-83.6,48.1S829.6,47,766.1,28.9z\"\/>\n<\/svg>\t\t<\/div>\n\t\t\t\t\t<div class=\"elementor-container elementor-column-gap-default\">\n\t\t\t\t\t<div class=\"elementor-column elementor-col-100 elementor-top-column elementor-element elementor-element-7323ff7e\" data-id=\"7323ff7e\" data-element_type=\"column\" data-e-type=\"column\" data-settings=\"{&quot;background_background&quot;:&quot;classic&quot;}\">\n\t\t\t<div class=\"elementor-widget-wrap elementor-element-populated\">\n\t\t\t\t\t\t<div class=\"elementor-element elementor-element-9b00c56 elementor-widget elementor-widget-heading\" data-id=\"9b00c56\" data-element_type=\"widget\" data-e-type=\"widget\" data-settings=\"{&quot;motion_fx_motion_fx_scrolling&quot;:&quot;yes&quot;,&quot;motion_fx_translateY_effect&quot;:&quot;yes&quot;,&quot;motion_fx_translateY_speed&quot;:{&quot;unit&quot;:&quot;px&quot;,&quot;size&quot;:1,&quot;sizes&quot;:[]},&quot;motion_fx_translateY_affectedRange&quot;:{&quot;unit&quot;:&quot;%&quot;,&quot;size&quot;:&quot;&quot;,&quot;sizes&quot;:{&quot;start&quot;:0,&quot;end&quot;:100}},&quot;motion_fx_devices&quot;:[&quot;desktop&quot;,&quot;tablet&quot;,&quot;mobile&quot;]}\" data-widget_type=\"heading.default\">\n\t\t\t\t<div class=\"elementor-widget-container\">\n\t\t\t\t\t<h1 class=\"elementor-heading-title elementor-size-default\">Transpar\u00e8ncia - Butlletins<\/h1>\t\t\t\t<\/div>\n\t\t\t\t<\/div>\n\t\t\t\t\t<\/div>\n\t\t<\/div>\n\t\t\t\t\t<\/div>\n\t\t<\/section>\n\t\t\t\t<section class=\"elementor-section elementor-top-section elementor-element elementor-element-16ce016 elementor-section-boxed elementor-section-height-default elementor-section-height-default\" data-id=\"16ce016\" data-element_type=\"section\" data-e-type=\"section\">\n\t\t\t\t\t\t<div class=\"elementor-container elementor-column-gap-default\">\n\t\t\t\t\t<div class=\"elementor-column elementor-col-100 elementor-top-column elementor-element elementor-element-550e264\" data-id=\"550e264\" data-element_type=\"column\" data-e-type=\"column\">\n\t\t\t<div class=\"elementor-widget-wrap elementor-element-populated\">\n\t\t\t\t\t\t<div class=\"elementor-element elementor-element-ba9f05d elementor-widget elementor-widget-heading\" data-id=\"ba9f05d\" data-element_type=\"widget\" data-e-type=\"widget\" data-widget_type=\"heading.default\">\n\t\t\t\t<div class=\"elementor-widget-container\">\n\t\t\t\t\t<h2 class=\"elementor-heading-title elementor-size-default\">\u21e8\tButlletins informatius de les activitats del 2023<\/h2>\t\t\t\t<\/div>\n\t\t\t\t<\/div>\n\t\t\t\t\t<\/div>\n\t\t<\/div>\n\t\t\t\t\t<\/div>\n\t\t<\/section>\n\t\t\t\t<section class=\"elementor-section elementor-top-section elementor-element elementor-element-01152b6 elementor-section-boxed elementor-section-height-default elementor-section-height-default\" data-id=\"01152b6\" data-element_type=\"section\" data-e-type=\"section\">\n\t\t\t\t\t\t<div class=\"elementor-container elementor-column-gap-default\">\n\t\t\t\t\t<div class=\"elementor-column elementor-col-100 elementor-top-column elementor-element elementor-element-0352111\" data-id=\"0352111\" data-element_type=\"column\" data-e-type=\"column\">\n\t\t\t<div class=\"elementor-widget-wrap elementor-element-populated\">\n\t\t\t\t\t\t<div class=\"elementor-element elementor-element-51402d7 elementor-widget elementor-widget-text-editor\" data-id=\"51402d7\" data-element_type=\"widget\" data-e-type=\"widget\" data-widget_type=\"text-editor.default\">\n\t\t\t\t<div class=\"elementor-widget-container\">\n\t\t\t\t\t\t\t\t\t<h4 style=\"font-variant-ligatures: normal; font-variant-caps: normal; line-height: 30px; font-family: Prompt, sans-serif; font-size: 22px; font-style: normal; font-weight: 400; color: var( --e-global-color-d089317 ); text-align: center;\" data-elementor-setting-key=\"title\" data-pen-placeholder=\"Escriviu aqu\u00ed...\"><span style=\"font-variant-ligatures: normal; font-variant-caps: normal; font-family: Prompt, sans-serif; font-size: 22px; font-style: normal; font-weight: 400; color: var( --e-global-color-d089317 );\">Butllet\u00ed 16 &#8211; Primer trimestre 2023<\/span><\/h4>\t\t\t\t\t\t\t\t<\/div>\n\t\t\t\t<\/div>\n\t\t\t\t<div class=\"elementor-element elementor-element-6f727da elementor-align-center elementor-widget elementor-widget-button\" data-id=\"6f727da\" data-element_type=\"widget\" data-e-type=\"widget\" data-widget_type=\"button.default\">\n\t\t\t\t<div class=\"elementor-widget-container\">\n\t\t\t\t\t\t\t\t\t<div class=\"elementor-button-wrapper\">\n\t\t\t\t\t<a class=\"elementor-button elementor-button-link elementor-size-sm\" href=\"https:\/\/afadisbaixmontseny.org\/wp-content\/uploads\/2023\/11\/Butlleti-16-primer-trimestre-com.pdf\" target=\"_blank\" rel=\"nofollow\">\n\t\t\t\t\t\t<span class=\"elementor-button-content-wrapper\">\n\t\t\t\t\t\t<span class=\"elementor-button-icon\">\n\t\t\t\t<i aria-hidden=\"true\" class=\"fas fa-file-download\"><\/i>\t\t\t<\/span>\n\t\t\t\t\t\t\t\t\t<span class=\"elementor-button-text\">Descarregar butllet\u00ed<\/span>\n\t\t\t\t\t<\/span>\n\t\t\t\t\t<\/a>\n\t\t\t\t<\/div>\n\t\t\t\t\t\t\t\t<\/div>\n\t\t\t\t<\/div>\n\t\t\t\t\t<\/div>\n\t\t<\/div>\n\t\t\t\t\t<\/div>\n\t\t<\/section>\n\t\t\t\t<section class=\"elementor-section elementor-top-section elementor-element elementor-element-1291e3d elementor-section-boxed elementor-section-height-default elementor-section-height-default\" data-id=\"1291e3d\" data-element_type=\"section\" data-e-type=\"section\">\n\t\t\t\t\t\t<div class=\"elementor-container elementor-column-gap-default\">\n\t\t\t\t\t<div class=\"elementor-column elementor-col-50 elementor-top-column elementor-element elementor-element-907ed0e\" data-id=\"907ed0e\" data-element_type=\"column\" data-e-type=\"column\">\n\t\t\t<div class=\"elementor-widget-wrap elementor-element-populated\">\n\t\t\t\t\t\t<div class=\"elementor-element elementor-element-7f7b1a7 elementor-widget elementor-widget-text-editor\" data-id=\"7f7b1a7\" data-element_type=\"widget\" data-e-type=\"widget\" data-widget_type=\"text-editor.default\">\n\t\t\t\t<div class=\"elementor-widget-container\">\n\t\t\t\t\t\t\t\t\t<h4 style=\"font-variant-ligatures: normal; font-variant-caps: normal; line-height: 30px; font-family: Prompt, sans-serif; font-size: 22px; font-style: normal; font-weight: 400; color: var( --e-global-color-d089317 ); text-align: center;\" data-elementor-setting-key=\"title\" data-pen-placeholder=\"Escriviu aqu\u00ed...\"><span style=\"font-variant-ligatures: normal; font-variant-caps: normal; font-family: Prompt, sans-serif; font-size: 22px; font-style: normal; font-weight: 400; color: var( --e-global-color-d089317 );\">Butllet\u00ed 17 &#8211; Segon trimestre 2023<\/span><\/h4>\t\t\t\t\t\t\t\t<\/div>\n\t\t\t\t<\/div>\n\t\t\t\t<div class=\"elementor-element elementor-element-c9d8fff elementor-align-center elementor-widget elementor-widget-button\" data-id=\"c9d8fff\" data-element_type=\"widget\" data-e-type=\"widget\" data-widget_type=\"button.default\">\n\t\t\t\t<div class=\"elementor-widget-container\">\n\t\t\t\t\t\t\t\t\t<div class=\"elementor-button-wrapper\">\n\t\t\t\t\t<a class=\"elementor-button elementor-button-link elementor-size-sm\" href=\"https:\/\/afadisbaixmontseny.org\/wp-content\/uploads\/2023\/11\/sodapdf-compressed-1_1_11zon.pdf\" target=\"_blank\" rel=\"nofollow\">\n\t\t\t\t\t\t<span class=\"elementor-button-content-wrapper\">\n\t\t\t\t\t\t<span class=\"elementor-button-icon\">\n\t\t\t\t<i aria-hidden=\"true\" class=\"fas fa-file-download\"><\/i>\t\t\t<\/span>\n\t\t\t\t\t\t\t\t\t<span class=\"elementor-button-text\">Descarregar butllet\u00ed<\/span>\n\t\t\t\t\t<\/span>\n\t\t\t\t\t<\/a>\n\t\t\t\t<\/div>\n\t\t\t\t\t\t\t\t<\/div>\n\t\t\t\t<\/div>\n\t\t\t\t\t<\/div>\n\t\t<\/div>\n\t\t\t\t<div class=\"elementor-column elementor-col-50 elementor-top-column elementor-element elementor-element-bcf24a7\" data-id=\"bcf24a7\" data-element_type=\"column\" data-e-type=\"column\">\n\t\t\t<div class=\"elementor-widget-wrap elementor-element-populated\">\n\t\t\t\t\t\t<div class=\"elementor-element elementor-element-914d937 elementor-widget elementor-widget-text-editor\" data-id=\"914d937\" data-element_type=\"widget\" data-e-type=\"widget\" data-widget_type=\"text-editor.default\">\n\t\t\t\t<div class=\"elementor-widget-container\">\n\t\t\t\t\t\t\t\t\t<h4 style=\"font-variant-ligatures: normal; font-variant-caps: normal; line-height: 30px; font-family: Prompt, sans-serif; font-size: 22px; font-style: normal; font-weight: 400; color: var( --e-global-color-d089317 ); text-align: center;\" data-elementor-setting-key=\"title\" data-pen-placeholder=\"Escriviu aqu\u00ed...\"><span style=\"font-variant-ligatures: normal; font-variant-caps: normal; font-family: Prompt, sans-serif; font-size: 22px; font-style: normal; font-weight: 400; color: var( --e-global-color-d089317 );\">Butllet\u00ed 18 &#8211; Tercer trimestre 2023<\/span><\/h4>\t\t\t\t\t\t\t\t<\/div>\n\t\t\t\t<\/div>\n\t\t\t\t<div class=\"elementor-element elementor-element-6aa99d0 elementor-align-center elementor-widget elementor-widget-button\" data-id=\"6aa99d0\" data-element_type=\"widget\" data-e-type=\"widget\" data-widget_type=\"button.default\">\n\t\t\t\t<div class=\"elementor-widget-container\">\n\t\t\t\t\t\t\t\t\t<div class=\"elementor-button-wrapper\">\n\t\t\t\t\t<a class=\"elementor-button elementor-button-link elementor-size-sm\" href=\"https:\/\/afadisbaixmontseny.org\/wp-content\/uploads\/2023\/11\/Butlleti-18-tercer-trimestre_compressed-1.pdf\" target=\"_blank\" rel=\"nofollow\">\n\t\t\t\t\t\t<span class=\"elementor-button-content-wrapper\">\n\t\t\t\t\t\t<span class=\"elementor-button-icon\">\n\t\t\t\t<i aria-hidden=\"true\" class=\"fas fa-file-download\"><\/i>\t\t\t<\/span>\n\t\t\t\t\t\t\t\t\t<span class=\"elementor-button-text\">Descarregar butllet\u00ed<\/span>\n\t\t\t\t\t<\/span>\n\t\t\t\t\t<\/a>\n\t\t\t\t<\/div>\n\t\t\t\t\t\t\t\t<\/div>\n\t\t\t\t<\/div>\n\t\t\t\t\t<\/div>\n\t\t<\/div>\n\t\t\t\t\t<\/div>\n\t\t<\/section>\n\t\t\t\t<section class=\"elementor-section elementor-top-section elementor-element elementor-element-fbdb1a4 elementor-section-boxed elementor-section-height-default elementor-section-height-default\" data-id=\"fbdb1a4\" data-element_type=\"section\" data-e-type=\"section\">\n\t\t\t\t\t\t<div class=\"elementor-container elementor-column-gap-default\">\n\t\t\t\t\t<div class=\"elementor-column elementor-col-100 elementor-top-column elementor-element elementor-element-c0d3a74\" data-id=\"c0d3a74\" data-element_type=\"column\" data-e-type=\"column\">\n\t\t\t<div class=\"elementor-widget-wrap elementor-element-populated\">\n\t\t\t\t\t\t<div class=\"elementor-element elementor-element-32820d3 elementor-widget elementor-widget-text-editor\" data-id=\"32820d3\" data-element_type=\"widget\" data-e-type=\"widget\" data-widget_type=\"text-editor.default\">\n\t\t\t\t<div class=\"elementor-widget-container\">\n\t\t\t\t\t\t\t\t\t<h4 style=\"font-variant-ligatures: normal; font-variant-caps: normal; line-height: 30px; font-family: Prompt, sans-serif; font-size: 22px; font-style: normal; font-weight: 400; color: var( --e-global-color-d089317 ); text-align: center;\" data-elementor-setting-key=\"title\" data-pen-placeholder=\"Escriviu aqu\u00ed...\"><span style=\"font-variant-ligatures: normal; font-variant-caps: normal; font-family: Prompt, sans-serif; font-size: 22px; font-style: normal; font-weight: 400; color: var( --e-global-color-d089317 );\">Butllet\u00ed 19 &#8211; Novembre, desembre i gener 2024<\/span><\/h4>\t\t\t\t\t\t\t\t<\/div>\n\t\t\t\t<\/div>\n\t\t\t\t<div class=\"elementor-element elementor-element-2424e8f elementor-align-center elementor-widget elementor-widget-button\" data-id=\"2424e8f\" data-element_type=\"widget\" data-e-type=\"widget\" data-widget_type=\"button.default\">\n\t\t\t\t<div class=\"elementor-widget-container\">\n\t\t\t\t\t\t\t\t\t<div class=\"elementor-button-wrapper\">\n\t\t\t\t\t<a class=\"elementor-button elementor-button-link elementor-size-sm\" href=\"https:\/\/online.fliphtml5.com\/svtbm\/lhnh\/\" target=\"_blank\" rel=\"nofollow\">\n\t\t\t\t\t\t<span class=\"elementor-button-content-wrapper\">\n\t\t\t\t\t\t<span class=\"elementor-button-icon\">\n\t\t\t\t<i aria-hidden=\"true\" class=\"fas fa-file-download\"><\/i>\t\t\t<\/span>\n\t\t\t\t\t\t\t\t\t<span class=\"elementor-button-text\">Descarregar butllet\u00ed<\/span>\n\t\t\t\t\t<\/span>\n\t\t\t\t\t<\/a>\n\t\t\t\t<\/div>\n\t\t\t\t\t\t\t\t<\/div>\n\t\t\t\t<\/div>\n\t\t\t\t\t<\/div>\n\t\t<\/div>\n\t\t\t\t\t<\/div>\n\t\t<\/section>\n\t\t\t\t<\/div>\n\t\t","protected":false},"excerpt":{"rendered":"<p>Transpar\u00e8ncia &#8211; Butlletins \u21e8 Butlletins informatius de les activitats del 2023 Butllet\u00ed 16 &#8211; Primer trimestre 2023 Descarregar butllet\u00ed Butllet\u00ed 17 &#8211; Segon trimestre 2023 Descarregar butllet\u00ed Butllet\u00ed 18 &#8211; Tercer trimestre 2023 Descarregar butllet\u00ed Butllet\u00ed 19 &#8211; Novembre, desembre i gener 2024 Descarregar butllet\u00ed<\/p>\n","protected":false},"author":3,"featured_media":0,"parent":0,"menu_order":0,"comment_status":"closed","ping_status":"closed","template":"","meta":{"ocean_post_layout":"","ocean_both_sidebars_style":"","ocean_both_sidebars_content_width":0,"ocean_both_sidebars_sidebars_width":0,"ocean_sidebar":"0","ocean_second_sidebar":"0","ocean_disable_margins":"enable","ocean_add_body_class":"","ocean_shortcode_before_top_bar":"","ocean_shortcode_after_top_bar":"","ocean_shortcode_before_header":"","ocean_shortcode_after_header":"","ocean_has_shortcode":"","ocean_shortcode_after_title":"","ocean_shortcode_before_footer_widgets":"","ocean_shortcode_after_footer_widgets":"","ocean_shortcode_before_footer_bottom":"","ocean_shortcode_after_footer_bottom":"","ocean_display_top_bar":"default","ocean_display_header":"default","ocean_header_style":"","ocean_center_header_left_menu":"0","ocean_custom_header_template":"0","ocean_custom_logo":0,"ocean_custom_retina_logo":0,"ocean_custom_logo_max_width":0,"ocean_custom_logo_tablet_max_width":0,"ocean_custom_logo_mobile_max_width":0,"ocean_custom_logo_max_height":0,"ocean_custom_logo_tablet_max_height":0,"ocean_custom_logo_mobile_max_height":0,"ocean_header_custom_menu":"3","ocean_menu_typo_font_family":"0","ocean_menu_typo_font_subset":"","ocean_menu_typo_font_size":0,"ocean_menu_typo_font_size_tablet":0,"ocean_menu_typo_font_size_mobile":0,"ocean_menu_typo_font_size_unit":"px","ocean_menu_typo_font_weight":"","ocean_menu_typo_font_weight_tablet":"","ocean_menu_typo_font_weight_mobile":"","ocean_menu_typo_transform":"","ocean_menu_typo_transform_tablet":"","ocean_menu_typo_transform_mobile":"","ocean_menu_typo_line_height":0,"ocean_menu_typo_line_height_tablet":0,"ocean_menu_typo_line_height_mobile":0,"ocean_menu_typo_line_height_unit":"","ocean_menu_typo_spacing":0,"ocean_menu_typo_spacing_tablet":0,"ocean_menu_typo_spacing_mobile":0,"ocean_menu_typo_spacing_unit":"","ocean_menu_link_color":"","ocean_menu_link_color_hover":"","ocean_menu_link_color_active":"","ocean_menu_link_background":"","ocean_menu_link_hover_background":"","ocean_menu_link_active_background":"","ocean_menu_social_links_bg":"","ocean_menu_social_hover_links_bg":"","ocean_menu_social_links_color":"","ocean_menu_social_hover_links_color":"","ocean_disable_title":"default","ocean_disable_heading":"default","ocean_post_title":"","ocean_post_subheading":"","ocean_post_title_style":"","ocean_post_title_background_color":"","ocean_post_title_background":0,"ocean_post_title_bg_image_position":"","ocean_post_title_bg_image_attachment":"","ocean_post_title_bg_image_repeat":"","ocean_post_title_bg_image_size":"","ocean_post_title_height":0,"ocean_post_title_bg_overlay":0.5,"ocean_post_title_bg_overlay_color":"","ocean_disable_breadcrumbs":"default","ocean_breadcrumbs_color":"","ocean_breadcrumbs_separator_color":"","ocean_breadcrumbs_links_color":"","ocean_breadcrumbs_links_hover_color":"","ocean_display_footer_widgets":"default","ocean_display_footer_bottom":"default","ocean_custom_footer_template":"0","footnotes":""},"class_list":["post-3359","page","type-page","status-publish","hentry","entry"],"yoast_head":"<!-- This site is optimized with the Yoast SEO plugin v27.4 - https:\/\/yoast.com\/product\/yoast-seo-wordpress\/ -->\n<meta name=\"robots\" content=\"index, follow, max-snippet:-1, max-image-preview:large, max-video-preview:-1\" \/>\n<link rel=\"canonical\" href=\"https:\/\/afadisbaixmontseny.org\/?page_id=3359\" \/>\n<meta property=\"og:locale\" content=\"ca_ES\" \/>\n<meta property=\"og:type\" content=\"article\" \/>\n<meta property=\"og:description\" content=\"Transpar\u00e8ncia &#8211; Butlletins \u21e8 Butlletins informatius de les activitats del 2023 Butllet\u00ed 16 &#8211; Primer trimestre 2023 Descarregar butllet\u00ed Butllet\u00ed 17 &#8211; Segon trimestre 2023 Descarregar butllet\u00ed Butllet\u00ed 18 &#8211; Tercer trimestre 2023 Descarregar butllet\u00ed Butllet\u00ed 19 &#8211; Novembre, desembre i gener 2024 Descarregar butllet\u00ed\" \/>\n<meta property=\"og:url\" content=\"https:\/\/afadisbaixmontseny.org\/?page_id=3359\" \/>\n<meta property=\"article:publisher\" content=\"https:\/\/www.facebook.com\/afadis.baixmontseny\" \/>\n<meta property=\"article:modified_time\" content=\"2025-04-07T11:18:37+00:00\" \/>\n<meta name=\"twitter:card\" content=\"summary_large_image\" \/>\n<meta name=\"twitter:site\" content=\"@AfadisBaix\" \/>\n<meta name=\"twitter:label1\" content=\"Temps estimat de lectura\" \/>\n\t<meta name=\"twitter:data1\" content=\"1 minut\" \/>\n<script type=\"application\/ld+json\" class=\"yoast-schema-graph\">{\"@context\":\"https:\\\/\\\/schema.org\",\"@graph\":[{\"@type\":\"WebPage\",\"@id\":\"https:\\\/\\\/afadisbaixmontseny.org\\\/?page_id=3359\",\"url\":\"https:\\\/\\\/afadisbaixmontseny.org\\\/?page_id=3359\",\"name\":\"\",\"isPartOf\":{\"@id\":\"https:\\\/\\\/afadisbaixmontseny.org\\\/#website\"},\"datePublished\":\"2025-04-07T10:40:01+00:00\",\"dateModified\":\"2025-04-07T11:18:37+00:00\",\"breadcrumb\":{\"@id\":\"https:\\\/\\\/afadisbaixmontseny.org\\\/?page_id=3359#breadcrumb\"},\"inLanguage\":\"ca\",\"potentialAction\":[{\"@type\":\"ReadAction\",\"target\":[\"https:\\\/\\\/afadisbaixmontseny.org\\\/?page_id=3359\"]}]},{\"@type\":\"BreadcrumbList\",\"@id\":\"https:\\\/\\\/afadisbaixmontseny.org\\\/?page_id=3359#breadcrumb\",\"itemListElement\":[{\"@type\":\"ListItem\",\"position\":1,\"name\":\"Portada\",\"item\":\"https:\\\/\\\/afadisbaixmontseny.org\\\/\"},{\"@type\":\"ListItem\",\"position\":2,\"name\":\"Butlletins 2023\"}]},{\"@type\":\"WebSite\",\"@id\":\"https:\\\/\\\/afadisbaixmontseny.org\\\/#website\",\"url\":\"https:\\\/\\\/afadisbaixmontseny.org\\\/\",\"name\":\"Afadis Baix Montseny\",\"description\":\"\",\"publisher\":{\"@id\":\"https:\\\/\\\/afadisbaixmontseny.org\\\/#organization\"},\"potentialAction\":[{\"@type\":\"SearchAction\",\"target\":{\"@type\":\"EntryPoint\",\"urlTemplate\":\"https:\\\/\\\/afadisbaixmontseny.org\\\/?s={search_term_string}\"},\"query-input\":{\"@type\":\"PropertyValueSpecification\",\"valueRequired\":true,\"valueName\":\"search_term_string\"}}],\"inLanguage\":\"ca\"},{\"@type\":\"Organization\",\"@id\":\"https:\\\/\\\/afadisbaixmontseny.org\\\/#organization\",\"name\":\"Afadis Baix Montseny\",\"url\":\"https:\\\/\\\/afadisbaixmontseny.org\\\/\",\"logo\":{\"@type\":\"ImageObject\",\"inLanguage\":\"ca\",\"@id\":\"https:\\\/\\\/afadisbaixmontseny.org\\\/#\\\/schema\\\/logo\\\/image\\\/\",\"url\":\"https:\\\/\\\/afadisbaixmontseny.org\\\/wp-content\\\/uploads\\\/2020\\\/11\\\/Logo-Afadis-560.png\",\"contentUrl\":\"https:\\\/\\\/afadisbaixmontseny.org\\\/wp-content\\\/uploads\\\/2020\\\/11\\\/Logo-Afadis-560.png\",\"width\":560,\"height\":452,\"caption\":\"Afadis Baix Montseny\"},\"image\":{\"@id\":\"https:\\\/\\\/afadisbaixmontseny.org\\\/#\\\/schema\\\/logo\\\/image\\\/\"},\"sameAs\":[\"https:\\\/\\\/www.facebook.com\\\/afadis.baixmontseny\",\"https:\\\/\\\/x.com\\\/AfadisBaix\"]}]}<\/script>\n<!-- \/ Yoast SEO plugin. -->","yoast_head_json":{"robots":{"index":"index","follow":"follow","max-snippet":"max-snippet:-1","max-image-preview":"max-image-preview:large","max-video-preview":"max-video-preview:-1"},"canonical":"https:\/\/afadisbaixmontseny.org\/?page_id=3359","og_locale":"ca_ES","og_type":"article","og_description":"Transpar\u00e8ncia &#8211; Butlletins \u21e8 Butlletins informatius de les activitats del 2023 Butllet\u00ed 16 &#8211; Primer trimestre 2023 Descarregar butllet\u00ed Butllet\u00ed 17 &#8211; Segon trimestre 2023 Descarregar butllet\u00ed Butllet\u00ed 18 &#8211; Tercer trimestre 2023 Descarregar butllet\u00ed Butllet\u00ed 19 &#8211; Novembre, desembre i gener 2024 Descarregar butllet\u00ed","og_url":"https:\/\/afadisbaixmontseny.org\/?page_id=3359","article_publisher":"https:\/\/www.facebook.com\/afadis.baixmontseny","article_modified_time":"2025-04-07T11:18:37+00:00","twitter_card":"summary_large_image","twitter_site":"@AfadisBaix","twitter_misc":{"Temps estimat de lectura":"1 minut"},"schema":{"@context":"https:\/\/schema.org","@graph":[{"@type":"WebPage","@id":"https:\/\/afadisbaixmontseny.org\/?page_id=3359","url":"https:\/\/afadisbaixmontseny.org\/?page_id=3359","name":"","isPartOf":{"@id":"https:\/\/afadisbaixmontseny.org\/#website"},"datePublished":"2025-04-07T10:40:01+00:00","dateModified":"2025-04-07T11:18:37+00:00","breadcrumb":{"@id":"https:\/\/afadisbaixmontseny.org\/?page_id=3359#breadcrumb"},"inLanguage":"ca","potentialAction":[{"@type":"ReadAction","target":["https:\/\/afadisbaixmontseny.org\/?page_id=3359"]}]},{"@type":"BreadcrumbList","@id":"https:\/\/afadisbaixmontseny.org\/?page_id=3359#breadcrumb","itemListElement":[{"@type":"ListItem","position":1,"name":"Portada","item":"https:\/\/afadisbaixmontseny.org\/"},{"@type":"ListItem","position":2,"name":"Butlletins 2023"}]},{"@type":"WebSite","@id":"https:\/\/afadisbaixmontseny.org\/#website","url":"https:\/\/afadisbaixmontseny.org\/","name":"Afadis Baix Montseny","description":"","publisher":{"@id":"https:\/\/afadisbaixmontseny.org\/#organization"},"potentialAction":[{"@type":"SearchAction","target":{"@type":"EntryPoint","urlTemplate":"https:\/\/afadisbaixmontseny.org\/?s={search_term_string}"},"query-input":{"@type":"PropertyValueSpecification","valueRequired":true,"valueName":"search_term_string"}}],"inLanguage":"ca"},{"@type":"Organization","@id":"https:\/\/afadisbaixmontseny.org\/#organization","name":"Afadis Baix Montseny","url":"https:\/\/afadisbaixmontseny.org\/","logo":{"@type":"ImageObject","inLanguage":"ca","@id":"https:\/\/afadisbaixmontseny.org\/#\/schema\/logo\/image\/","url":"https:\/\/afadisbaixmontseny.org\/wp-content\/uploads\/2020\/11\/Logo-Afadis-560.png","contentUrl":"https:\/\/afadisbaixmontseny.org\/wp-content\/uploads\/2020\/11\/Logo-Afadis-560.png","width":560,"height":452,"caption":"Afadis Baix Montseny"},"image":{"@id":"https:\/\/afadisbaixmontseny.org\/#\/schema\/logo\/image\/"},"sameAs":["https:\/\/www.facebook.com\/afadis.baixmontseny","https:\/\/x.com\/AfadisBaix"]}]}},"_links":{"self":[{"href":"https:\/\/afadisbaixmontseny.org\/index.php?rest_route=\/wp\/v2\/pages\/3359","targetHints":{"allow":["GET"]}}],"collection":[{"href":"https:\/\/afadisbaixmontseny.org\/index.php?rest_route=\/wp\/v2\/pages"}],"about":[{"href":"https:\/\/afadisbaixmontseny.org\/index.php?rest_route=\/wp\/v2\/types\/page"}],"author":[{"embeddable":true,"href":"https:\/\/afadisbaixmontseny.org\/index.php?rest_route=\/wp\/v2\/users\/3"}],"replies":[{"embeddable":true,"href":"https:\/\/afadisbaixmontseny.org\/index.php?rest_route=%2Fwp%2Fv2%2Fcomments&post=3359"}],"version-history":[{"count":0,"href":"https:\/\/afadisbaixmontseny.org\/index.php?rest_route=\/wp\/v2\/pages\/3359\/revisions"}],"wp:attachment":[{"href":"https:\/\/afadisbaixmontseny.org\/index.php?rest_route=%2Fwp%2Fv2%2Fmedia&parent=3359"}],"curies":[{"name":"wp","href":"https:\/\/api.w.org\/{rel}","templated":true}]}}