{"id":17,"date":"2020-11-04T18:44:32","date_gmt":"2020-11-04T17:44:32","guid":{"rendered":"https:\/\/afadisbaixmontseny.org\/politica-de-cookies\/"},"modified":"2021-02-08T02:40:40","modified_gmt":"2021-02-08T01:40:40","slug":"politica-de-cookies","status":"publish","type":"page","link":"https:\/\/afadisbaixmontseny.org\/?page_id=17","title":{"rendered":"Pol\u00edtica de cookies"},"content":{"rendered":"\t\t<div data-elementor-type=\"wp-page\" data-elementor-id=\"17\" class=\"elementor elementor-17\" data-elementor-post-type=\"page\">\n\t\t\t\t\t\t<section class=\"elementor-section elementor-top-section elementor-element elementor-element-6de8e81f elementor-section-boxed elementor-section-height-default elementor-section-height-default\" data-id=\"6de8e81f\" data-element_type=\"section\" data-e-type=\"section\">\n\t\t\t\t\t\t<div class=\"elementor-container elementor-column-gap-default\">\n\t\t\t\t\t<div class=\"elementor-column elementor-col-100 elementor-top-column elementor-element elementor-element-28212bec\" data-id=\"28212bec\" data-element_type=\"column\" data-e-type=\"column\">\n\t\t\t<div class=\"elementor-widget-wrap elementor-element-populated\">\n\t\t\t\t\t\t<div class=\"elementor-element elementor-element-505b7b9 elementor-widget elementor-widget-text-editor\" data-id=\"505b7b9\" data-element_type=\"widget\" data-e-type=\"widget\" data-widget_type=\"text-editor.default\">\n\t\t\t\t<div class=\"elementor-widget-container\">\n\t\t\t\t\t\t\t\t\t<h1>Pol\u00edtica de galetes<\/h1>\n<p>Una galeta \u00e9s un petit fitxer de text que s\u2019emmagatzema en el seu navegador quan visita gaireb\u00e9 qualsevol lloc web. La seva utilitat \u00e9s que el web sigui capa\u00e7 de recordar la seva visita quan torni a navegar per aquest lloc. Les galetes solen emmagatzemar informaci\u00f3 de car\u00e0cter t\u00e8cnic, prefer\u00e8ncies personals, personalitzaci\u00f3 de continguts, estad\u00edstiques d\u2019\u00fas, enlla\u00e7os a xarxes socials, acc\u00e9s a comptes d\u2019usuari, etc. L\u2019objectiu de la galeta \u00e9s adaptar el contingut del web al seu perfil i necessitats. Sense galetes els serveis oferts per qualsevol lloc web es veurien minvats notablement. Si desitja consultar m\u00e9s informaci\u00f3 sobre qu\u00e8 s\u00f3n les galetes, qu\u00e8 emmagatzemen, com eliminar-les, desactivar-les, etc. <a href=\"https:\/\/afadisbaixmontseny.org\/mas-informacion-sobre-las-cookies\/\">li preguem que accedeixi a aquest enlla\u00e7.<\/a><\/p>\n<h2>Galetes utilitzades en aquest lloc web<\/h2>\n<p>D\u2019acord amb les directrius de l\u2019Ag\u00e8ncia Espanyola de Protecci\u00f3 de Dades, procedim a detallar l\u2019\u00fas de galetes que fa aquest lloc web amb la finalitat d\u2019informar-lo amb la m\u00e0xima exactitud possible.<\/p>\n<p>Aquest lloc web utilitza les seg\u00fcents galetes pr\u00f2pies:<\/p>\n<ul>\n<li>Galetes de sessi\u00f3, per garantir que els usuaris que escriguin comentaris al blog siguin humans i no aplicacions automatitzades. D\u2019aquesta manera es combat el contingut brossa.<\/li>\n<\/ul>\n<table width=\"567\">\n<tbody>\n<tr>\n<td width=\"151\">\n<p><strong>Nom<\/strong><\/p>\n<\/td>\n<td width=\"227\">\n<p><strong>Finalitat<\/strong><\/p>\n<\/td>\n<td width=\"123\">\n<p><strong>Tipus<\/strong><\/p>\n<\/td>\n<td width=\"66\">\n<p><strong>Durada<\/strong><\/p>\n<\/td>\n<\/tr>\n<tr>\n<td width=\"151\">\n<p>moove_gdpr_popup<\/p>\n<\/td>\n<td width=\"227\">\n<p>Evita que es mostri de nou la barra d&#8217;acceptaci\u00f3 i configuraci\u00f3 de cookies una vegada l&#8217;usuari ha acceptat la pol\u00edtica de cookies<\/p>\n<\/td>\n<td width=\"123\">\n<p>Personalitzaci\u00f3<\/p>\n<\/td>\n<td width=\"66\">\n<p>1 any<\/p>\n<\/td>\n<\/tr>\n<tr>\n<td width=\"151\">\n<p>pll_language<\/p>\n<\/td>\n<td width=\"227\">\n<p>Aquesta cookie \u00e9s pr\u00f2pia de les eines amb que s&#8217;ha desenvolupat la web, guarda l&#8217;idioma escollit en la navegaci\u00f3.<\/p>\n<\/td>\n<td width=\"123\">\n<p>Personalitzaci\u00f3<\/p>\n<\/td>\n<td width=\"66\">\n<p>1 any<\/p>\n<\/td>\n<\/tr>\n<\/tbody>\n<\/table>\n<p>Aquest lloc web utilitza les seg\u00fcents galetes de tercers:<\/p>\n<ul>\n<li>Google Analytics: Emmagatzema galetes per elaborar estad\u00edstiques sobre el tr\u00e0nsit i volum de visites d\u2019aquest lloc web. En utilitzar aquest lloc web est\u00e0 consentint el tractament d\u2019informaci\u00f3 sobre vost\u00e8 per Google. Per tant, per exercir qualsevol dret en aquest sentit haur\u00e0 de comunicar-se directament amb Google.<\/li>\n<li>Xarxes socials: Cada xarxa social utilitza les seves pr\u00f2pies galetes perqu\u00e8 vost\u00e8 pugui clicar als botons del tipus \u201cM\u2019agrada\u201d o \u201cCompartir\u201d.<\/li>\n<\/ul>\n<table width=\"567\">\n<tbody>\n<tr>\n<td width=\"66\">\n<p><strong>Nom<\/strong><\/p>\n<\/td>\n<td width=\"312\">\n<p><strong>Finalitat<\/strong><\/p>\n<\/td>\n<td width=\"123\">\n<p><strong>Tipus<\/strong><\/p>\n<\/td>\n<td width=\"66\">\n<p><strong>Durada<\/strong><\/p>\n<\/td>\n<\/tr>\n<tr>\n<td width=\"66\">\n<p>_ga<\/p>\n<\/td>\n<td width=\"312\">\n<p>Aquesta cookie s&#8217;utilitza per fer recompte de quantes vegades visita el lloc un usuari. Tamb\u00e9 registra quan va ser la primera i l&#8217;\u00faltima vegada que va visitar la web. Caduca als 2 anys des de l&#8217;\u00faltima actualitzaci\u00f3<\/p>\n<\/td>\n<td width=\"123\">\n<p>Tercers &#8211; an\u00e0lisi<\/p>\n<\/td>\n<td width=\"66\">\n<p>2 anys<\/p>\n<\/td>\n<\/tr>\n<tr>\n<td width=\"66\">\n<p>_gat<\/p>\n<\/td>\n<td width=\"312\">\n<p>Aquesta cookie s&#8217;usa per con\u00e8ixer el temps de navegaci\u00f3. Registra l&#8217;hora d&#8217;arribada a la p\u00e0gina.<\/p>\n<\/td>\n<td width=\"123\">\n<p>Tercers &#8211; an\u00e0lisi<\/p>\n<\/td>\n<td width=\"66\">\n<p>1 min.<\/p>\n<\/td>\n<\/tr>\n<tr>\n<td width=\"66\">\n<p>_gid<\/p>\n<\/td>\n<td width=\"312\">\n<p>Aquesta cookie s&#8217;usa per distingir als usuaris.<\/p>\n<\/td>\n<td width=\"123\">\n<p>Tercers &#8211; an\u00e0lisi<\/p>\n<\/td>\n<td width=\"66\">\n<p>1 dia<\/p>\n<\/td>\n<\/tr>\n<\/tbody>\n<\/table>\n<h3>&nbsp;Desactivaci\u00f3 o eliminaci\u00f3 de galetes<\/h3>\n<p>En qualsevol moment podr\u00e0 exercir el seu dret de desactivaci\u00f3 o eliminaci\u00f3 de galetes d\u2019aquest lloc web. Aquestes accions es realitzen de manera diferent en funci\u00f3 del navegador que estigui usant.<\/p>\n<h3>&nbsp;Notes addicionals<\/h3>\n<ul>\n<li>Ni aquest lloc web ni els seus representants legals es fan responsables del contingut i de la veracitat de les pol\u00edtiques de privacitat dels tercers esmentats en aquesta pol\u00edtica de galetes.<\/li>\n<li>Els navegadors web s\u00f3n les eines encarregades d\u2019emmagatzemar les galetes i des d\u2019aquest lloc ha d\u2019efectuar el seu dret a la seva eliminaci\u00f3 o desactivaci\u00f3. Ni aquest lloc web ni els seus representants legals poden garantir la correcta o incorrecta manipulaci\u00f3 de les galetes per part dels navegadors esmentats.<\/li>\n<\/ul>\t\t\t\t\t\t\t\t<\/div>\n\t\t\t\t<\/div>\n\t\t\t\t\t<\/div>\n\t\t<\/div>\n\t\t\t\t\t<\/div>\n\t\t<\/section>\n\t\t\t\t<\/div>\n\t\t","protected":false},"excerpt":{"rendered":"<p>Pol\u00edtica de galetes Una galeta \u00e9s un petit fitxer de text que s\u2019emmagatzema en el seu navegador quan visita gaireb\u00e9 qualsevol lloc web. La seva utilitat \u00e9s que el web sigui capa\u00e7 de recordar la seva visita quan torni a navegar per aquest lloc. Les galetes solen emmagatzemar informaci\u00f3 de car\u00e0cter t\u00e8cnic, prefer\u00e8ncies personals, personalitzaci\u00f3 [&hellip;]<\/p>\n","protected":false},"author":1,"featured_media":0,"parent":0,"menu_order":0,"comment_status":"closed","ping_status":"closed","template":"","meta":{"ocean_post_layout":"","ocean_both_sidebars_style":"","ocean_both_sidebars_content_width":0,"ocean_both_sidebars_sidebars_width":0,"ocean_sidebar":"","ocean_second_sidebar":"","ocean_disable_margins":"enable","ocean_add_body_class":"","ocean_shortcode_before_top_bar":"","ocean_shortcode_after_top_bar":"","ocean_shortcode_before_header":"","ocean_shortcode_after_header":"","ocean_has_shortcode":"","ocean_shortcode_after_title":"","ocean_shortcode_before_footer_widgets":"","ocean_shortcode_after_footer_widgets":"","ocean_shortcode_before_footer_bottom":"","ocean_shortcode_after_footer_bottom":"","ocean_display_top_bar":"default","ocean_display_header":"default","ocean_header_style":"","ocean_center_header_left_menu":"","ocean_custom_header_template":"","ocean_custom_logo":0,"ocean_custom_retina_logo":0,"ocean_custom_logo_max_width":0,"ocean_custom_logo_tablet_max_width":0,"ocean_custom_logo_mobile_max_width":0,"ocean_custom_logo_max_height":0,"ocean_custom_logo_tablet_max_height":0,"ocean_custom_logo_mobile_max_height":0,"ocean_header_custom_menu":"","ocean_menu_typo_font_family":"","ocean_menu_typo_font_subset":"","ocean_menu_typo_font_size":0,"ocean_menu_typo_font_size_tablet":0,"ocean_menu_typo_font_size_mobile":0,"ocean_menu_typo_font_size_unit":"px","ocean_menu_typo_font_weight":"","ocean_menu_typo_font_weight_tablet":"","ocean_menu_typo_font_weight_mobile":"","ocean_menu_typo_transform":"","ocean_menu_typo_transform_tablet":"","ocean_menu_typo_transform_mobile":"","ocean_menu_typo_line_height":0,"ocean_menu_typo_line_height_tablet":0,"ocean_menu_typo_line_height_mobile":0,"ocean_menu_typo_line_height_unit":"","ocean_menu_typo_spacing":0,"ocean_menu_typo_spacing_tablet":0,"ocean_menu_typo_spacing_mobile":0,"ocean_menu_typo_spacing_unit":"","ocean_menu_link_color":"","ocean_menu_link_color_hover":"","ocean_menu_link_color_active":"","ocean_menu_link_background":"","ocean_menu_link_hover_background":"","ocean_menu_link_active_background":"","ocean_menu_social_links_bg":"","ocean_menu_social_hover_links_bg":"","ocean_menu_social_links_color":"","ocean_menu_social_hover_links_color":"","ocean_disable_title":"default","ocean_disable_heading":"default","ocean_post_title":"","ocean_post_subheading":"","ocean_post_title_style":"","ocean_post_title_background_color":"","ocean_post_title_background":0,"ocean_post_title_bg_image_position":"","ocean_post_title_bg_image_attachment":"","ocean_post_title_bg_image_repeat":"","ocean_post_title_bg_image_size":"","ocean_post_title_height":0,"ocean_post_title_bg_overlay":0.5,"ocean_post_title_bg_overlay_color":"","ocean_disable_breadcrumbs":"default","ocean_breadcrumbs_color":"","ocean_breadcrumbs_separator_color":"","ocean_breadcrumbs_links_color":"","ocean_breadcrumbs_links_hover_color":"","ocean_display_footer_widgets":"default","ocean_display_footer_bottom":"default","ocean_custom_footer_template":"","footnotes":""},"class_list":["post-17","page","type-page","status-publish","hentry","entry"],"yoast_head":"<!-- This site is optimized with the Yoast SEO plugin v27.4 - https:\/\/yoast.com\/product\/yoast-seo-wordpress\/ -->\n<title>Pol\u00edtica de cookies &#8902;<\/title>\n<meta name=\"robots\" content=\"noindex, nofollow\" \/>\n<meta property=\"og:locale\" content=\"ca_ES\" \/>\n<meta property=\"og:type\" content=\"article\" \/>\n<meta property=\"og:title\" content=\"Pol\u00edtica de cookies &#8902;\" \/>\n<meta property=\"og:description\" content=\"Pol\u00edtica de galetes Una galeta \u00e9s un petit fitxer de text que s\u2019emmagatzema en el seu navegador quan visita gaireb\u00e9 qualsevol lloc web. La seva utilitat \u00e9s que el web sigui capa\u00e7 de recordar la seva visita quan torni a navegar per aquest lloc. Les galetes solen emmagatzemar informaci\u00f3 de car\u00e0cter t\u00e8cnic, prefer\u00e8ncies personals, personalitzaci\u00f3 [&hellip;]\" \/>\n<meta property=\"og:url\" content=\"https:\/\/afadisbaixmontseny.org\/?page_id=17\" \/>\n<meta property=\"article:publisher\" content=\"https:\/\/www.facebook.com\/afadis.baixmontseny\" \/>\n<meta property=\"article:modified_time\" content=\"2021-02-08T01:40:40+00:00\" \/>\n<meta name=\"twitter:card\" content=\"summary_large_image\" \/>\n<meta name=\"twitter:site\" content=\"@AfadisBaix\" \/>\n<meta name=\"twitter:label1\" content=\"Temps estimat de lectura\" \/>\n\t<meta name=\"twitter:data1\" content=\"3 minuts\" \/>\n<script type=\"application\/ld+json\" class=\"yoast-schema-graph\">{\"@context\":\"https:\\\/\\\/schema.org\",\"@graph\":[{\"@type\":\"WebPage\",\"@id\":\"https:\\\/\\\/afadisbaixmontseny.org\\\/?page_id=17\",\"url\":\"https:\\\/\\\/afadisbaixmontseny.org\\\/?page_id=17\",\"name\":\"Pol\u00edtica de cookies &#8902;\",\"isPartOf\":{\"@id\":\"https:\\\/\\\/afadisbaixmontseny.org\\\/#website\"},\"datePublished\":\"2020-11-04T17:44:32+00:00\",\"dateModified\":\"2021-02-08T01:40:40+00:00\",\"breadcrumb\":{\"@id\":\"https:\\\/\\\/afadisbaixmontseny.org\\\/?page_id=17#breadcrumb\"},\"inLanguage\":\"ca\",\"potentialAction\":[{\"@type\":\"ReadAction\",\"target\":[\"https:\\\/\\\/afadisbaixmontseny.org\\\/?page_id=17\"]}]},{\"@type\":\"BreadcrumbList\",\"@id\":\"https:\\\/\\\/afadisbaixmontseny.org\\\/?page_id=17#breadcrumb\",\"itemListElement\":[{\"@type\":\"ListItem\",\"position\":1,\"name\":\"Portada\",\"item\":\"https:\\\/\\\/afadisbaixmontseny.org\\\/\"},{\"@type\":\"ListItem\",\"position\":2,\"name\":\"Pol\u00edtica de cookies\"}]},{\"@type\":\"WebSite\",\"@id\":\"https:\\\/\\\/afadisbaixmontseny.org\\\/#website\",\"url\":\"https:\\\/\\\/afadisbaixmontseny.org\\\/\",\"name\":\"Afadis Baix Montseny\",\"description\":\"\",\"publisher\":{\"@id\":\"https:\\\/\\\/afadisbaixmontseny.org\\\/#organization\"},\"potentialAction\":[{\"@type\":\"SearchAction\",\"target\":{\"@type\":\"EntryPoint\",\"urlTemplate\":\"https:\\\/\\\/afadisbaixmontseny.org\\\/?s={search_term_string}\"},\"query-input\":{\"@type\":\"PropertyValueSpecification\",\"valueRequired\":true,\"valueName\":\"search_term_string\"}}],\"inLanguage\":\"ca\"},{\"@type\":\"Organization\",\"@id\":\"https:\\\/\\\/afadisbaixmontseny.org\\\/#organization\",\"name\":\"Afadis Baix Montseny\",\"url\":\"https:\\\/\\\/afadisbaixmontseny.org\\\/\",\"logo\":{\"@type\":\"ImageObject\",\"inLanguage\":\"ca\",\"@id\":\"https:\\\/\\\/afadisbaixmontseny.org\\\/#\\\/schema\\\/logo\\\/image\\\/\",\"url\":\"https:\\\/\\\/afadisbaixmontseny.org\\\/wp-content\\\/uploads\\\/2020\\\/11\\\/Logo-Afadis-560.png\",\"contentUrl\":\"https:\\\/\\\/afadisbaixmontseny.org\\\/wp-content\\\/uploads\\\/2020\\\/11\\\/Logo-Afadis-560.png\",\"width\":560,\"height\":452,\"caption\":\"Afadis Baix Montseny\"},\"image\":{\"@id\":\"https:\\\/\\\/afadisbaixmontseny.org\\\/#\\\/schema\\\/logo\\\/image\\\/\"},\"sameAs\":[\"https:\\\/\\\/www.facebook.com\\\/afadis.baixmontseny\",\"https:\\\/\\\/x.com\\\/AfadisBaix\"]}]}<\/script>\n<!-- \/ Yoast SEO plugin. -->","yoast_head_json":{"title":"Pol\u00edtica de cookies &#8902;","robots":{"index":"noindex","follow":"nofollow"},"og_locale":"ca_ES","og_type":"article","og_title":"Pol\u00edtica de cookies &#8902;","og_description":"Pol\u00edtica de galetes Una galeta \u00e9s un petit fitxer de text que s\u2019emmagatzema en el seu navegador quan visita gaireb\u00e9 qualsevol lloc web. La seva utilitat \u00e9s que el web sigui capa\u00e7 de recordar la seva visita quan torni a navegar per aquest lloc. Les galetes solen emmagatzemar informaci\u00f3 de car\u00e0cter t\u00e8cnic, prefer\u00e8ncies personals, personalitzaci\u00f3 [&hellip;]","og_url":"https:\/\/afadisbaixmontseny.org\/?page_id=17","article_publisher":"https:\/\/www.facebook.com\/afadis.baixmontseny","article_modified_time":"2021-02-08T01:40:40+00:00","twitter_card":"summary_large_image","twitter_site":"@AfadisBaix","twitter_misc":{"Temps estimat de lectura":"3 minuts"},"schema":{"@context":"https:\/\/schema.org","@graph":[{"@type":"WebPage","@id":"https:\/\/afadisbaixmontseny.org\/?page_id=17","url":"https:\/\/afadisbaixmontseny.org\/?page_id=17","name":"Pol\u00edtica de cookies &#8902;","isPartOf":{"@id":"https:\/\/afadisbaixmontseny.org\/#website"},"datePublished":"2020-11-04T17:44:32+00:00","dateModified":"2021-02-08T01:40:40+00:00","breadcrumb":{"@id":"https:\/\/afadisbaixmontseny.org\/?page_id=17#breadcrumb"},"inLanguage":"ca","potentialAction":[{"@type":"ReadAction","target":["https:\/\/afadisbaixmontseny.org\/?page_id=17"]}]},{"@type":"BreadcrumbList","@id":"https:\/\/afadisbaixmontseny.org\/?page_id=17#breadcrumb","itemListElement":[{"@type":"ListItem","position":1,"name":"Portada","item":"https:\/\/afadisbaixmontseny.org\/"},{"@type":"ListItem","position":2,"name":"Pol\u00edtica de cookies"}]},{"@type":"WebSite","@id":"https:\/\/afadisbaixmontseny.org\/#website","url":"https:\/\/afadisbaixmontseny.org\/","name":"Afadis Baix Montseny","description":"","publisher":{"@id":"https:\/\/afadisbaixmontseny.org\/#organization"},"potentialAction":[{"@type":"SearchAction","target":{"@type":"EntryPoint","urlTemplate":"https:\/\/afadisbaixmontseny.org\/?s={search_term_string}"},"query-input":{"@type":"PropertyValueSpecification","valueRequired":true,"valueName":"search_term_string"}}],"inLanguage":"ca"},{"@type":"Organization","@id":"https:\/\/afadisbaixmontseny.org\/#organization","name":"Afadis Baix Montseny","url":"https:\/\/afadisbaixmontseny.org\/","logo":{"@type":"ImageObject","inLanguage":"ca","@id":"https:\/\/afadisbaixmontseny.org\/#\/schema\/logo\/image\/","url":"https:\/\/afadisbaixmontseny.org\/wp-content\/uploads\/2020\/11\/Logo-Afadis-560.png","contentUrl":"https:\/\/afadisbaixmontseny.org\/wp-content\/uploads\/2020\/11\/Logo-Afadis-560.png","width":560,"height":452,"caption":"Afadis Baix Montseny"},"image":{"@id":"https:\/\/afadisbaixmontseny.org\/#\/schema\/logo\/image\/"},"sameAs":["https:\/\/www.facebook.com\/afadis.baixmontseny","https:\/\/x.com\/AfadisBaix"]}]}},"_links":{"self":[{"href":"https:\/\/afadisbaixmontseny.org\/index.php?rest_route=\/wp\/v2\/pages\/17","targetHints":{"allow":["GET"]}}],"collection":[{"href":"https:\/\/afadisbaixmontseny.org\/index.php?rest_route=\/wp\/v2\/pages"}],"about":[{"href":"https:\/\/afadisbaixmontseny.org\/index.php?rest_route=\/wp\/v2\/types\/page"}],"author":[{"embeddable":true,"href":"https:\/\/afadisbaixmontseny.org\/index.php?rest_route=\/wp\/v2\/users\/1"}],"replies":[{"embeddable":true,"href":"https:\/\/afadisbaixmontseny.org\/index.php?rest_route=%2Fwp%2Fv2%2Fcomments&post=17"}],"version-history":[{"count":0,"href":"https:\/\/afadisbaixmontseny.org\/index.php?rest_route=\/wp\/v2\/pages\/17\/revisions"}],"wp:attachment":[{"href":"https:\/\/afadisbaixmontseny.org\/index.php?rest_route=%2Fwp%2Fv2%2Fmedia&parent=17"}],"curies":[{"name":"wp","href":"https:\/\/api.w.org\/{rel}","templated":true}]}}